{"id":51,"date":"2023-12-10T19:12:22","date_gmt":"2023-12-10T19:12:22","guid":{"rendered":"https:\/\/site02.arn1103.uqat.ca\/?page_id=51"},"modified":"2023-12-11T02:47:29","modified_gmt":"2023-12-11T02:47:29","slug":"services","status":"publish","type":"page","link":"https:\/\/site02.arn1103.uqat.ca\/index.php\/services\/","title":{"rendered":"Services"},"content":{"rendered":"\n<p class=\"has-text-align-center has-large-font-size\"><strong>D\u00e9couvrez nos cours vari\u00e9s offerts  <\/strong><\/p>\n\n\n\n<p><\/p>\n\n\n\n<div class=\"wp-block-columns alignwide are-vertically-aligned-top is-layout-flex wp-container-core-columns-is-layout-bd0aba32 wp-block-columns-is-layout-flex\">\n<div class=\"wp-block-column is-vertically-aligned-top is-layout-flow wp-block-column-is-layout-flow\">\n<div class=\"wp-block-group wp-container-content-231d8afb is-vertical is-content-justification-left is-nowrap is-layout-flex wp-container-core-group-is-layout-ee1c9ac2 wp-block-group-is-layout-flex\" style=\"margin-top:0;margin-bottom:0\">\n<figure class=\"wp-block-image size-large wp-container-content-0733e5d0\"><img loading=\"lazy\" decoding=\"async\" width=\"683\" height=\"1024\" src=\"https:\/\/site02.arn1103.uqat.ca\/wp-content\/uploads\/2023\/12\/luna-active-fitness-eWCKh0RKqxI-unsplash-683x1024.jpg\" alt=\"\" class=\"wp-image-180\" srcset=\"https:\/\/site02.arn1103.uqat.ca\/wp-content\/uploads\/2023\/12\/luna-active-fitness-eWCKh0RKqxI-unsplash-683x1024.jpg 683w, https:\/\/site02.arn1103.uqat.ca\/wp-content\/uploads\/2023\/12\/luna-active-fitness-eWCKh0RKqxI-unsplash-200x300.jpg 200w, https:\/\/site02.arn1103.uqat.ca\/wp-content\/uploads\/2023\/12\/luna-active-fitness-eWCKh0RKqxI-unsplash-768x1152.jpg 768w, https:\/\/site02.arn1103.uqat.ca\/wp-content\/uploads\/2023\/12\/luna-active-fitness-eWCKh0RKqxI-unsplash-1024x1536.jpg 1024w, https:\/\/site02.arn1103.uqat.ca\/wp-content\/uploads\/2023\/12\/luna-active-fitness-eWCKh0RKqxI-unsplash-1365x2048.jpg 1365w, https:\/\/site02.arn1103.uqat.ca\/wp-content\/uploads\/2023\/12\/luna-active-fitness-eWCKh0RKqxI-unsplash-40x60.jpg 40w, https:\/\/site02.arn1103.uqat.ca\/wp-content\/uploads\/2023\/12\/luna-active-fitness-eWCKh0RKqxI-unsplash-scaled.jpg 1707w\" sizes=\"auto, (max-width: 683px) 100vw, 683px\" \/><\/figure>\n\n\n\n<div class=\"wp-block-group is-vertical is-nowrap is-layout-flex wp-container-core-group-is-layout-ebc71d8e wp-block-group-is-layout-flex\">\n<p class=\"has-medium-font-size\"><strong>Hatha Yoga<\/strong><\/p>\n\n\n\n<p class=\"has-small-font-size\">Il s&rsquo;agit d&rsquo;une forme de yoga physique qui met l&rsquo;accent sur l&rsquo;alignement des postures et la coordination de la respiration avec les mouvements.<\/p>\n<\/div>\n<\/div>\n<\/div>\n\n\n\n<div class=\"wp-block-column is-vertically-aligned-top is-layout-flow wp-block-column-is-layout-flow\">\n<div class=\"wp-block-group wp-container-content-231d8afb is-vertical is-layout-flex wp-container-core-group-is-layout-692d0fb7 wp-block-group-is-layout-flex\" style=\"margin-top:0;margin-bottom:0\">\n<div class=\"wp-block-group is-vertical is-nowrap is-layout-flex wp-container-core-group-is-layout-ebc71d8e wp-block-group-is-layout-flex\">\n<div style=\"height:0px\" aria-hidden=\"true\" class=\"wp-block-spacer wp-container-content-f96796aa\"><\/div>\n\n\n\n<p class=\"has-medium-font-size\"><strong><strong>Vinyasa Yoga<\/strong><\/strong><\/p>\n\n\n\n<p class=\"has-small-font-size\">Ce type de yoga se caract\u00e9rise par une s\u00e9quence fluide de postures synchronis\u00e9es avec la respiration. Il est souvent appel\u00e9 \u00ab\u00a0yoga dynamique\u00a0\u00bb ou \u00ab\u00a0yoga flow\u00a0\u00bb<\/p>\n<\/div>\n\n\n\n<figure class=\"wp-block-image size-large\" style=\"font-size:14px\"><img loading=\"lazy\" decoding=\"async\" width=\"683\" height=\"1024\" src=\"https:\/\/site02.arn1103.uqat.ca\/wp-content\/uploads\/2023\/12\/patrick-malleret-p-v1DBkTrgo-unsplash-683x1024.jpg\" alt=\"\" class=\"wp-image-181\" srcset=\"https:\/\/site02.arn1103.uqat.ca\/wp-content\/uploads\/2023\/12\/patrick-malleret-p-v1DBkTrgo-unsplash-683x1024.jpg 683w, https:\/\/site02.arn1103.uqat.ca\/wp-content\/uploads\/2023\/12\/patrick-malleret-p-v1DBkTrgo-unsplash-200x300.jpg 200w, https:\/\/site02.arn1103.uqat.ca\/wp-content\/uploads\/2023\/12\/patrick-malleret-p-v1DBkTrgo-unsplash-768x1152.jpg 768w, https:\/\/site02.arn1103.uqat.ca\/wp-content\/uploads\/2023\/12\/patrick-malleret-p-v1DBkTrgo-unsplash-1024x1536.jpg 1024w, https:\/\/site02.arn1103.uqat.ca\/wp-content\/uploads\/2023\/12\/patrick-malleret-p-v1DBkTrgo-unsplash-1365x2048.jpg 1365w, https:\/\/site02.arn1103.uqat.ca\/wp-content\/uploads\/2023\/12\/patrick-malleret-p-v1DBkTrgo-unsplash-40x60.jpg 40w, https:\/\/site02.arn1103.uqat.ca\/wp-content\/uploads\/2023\/12\/patrick-malleret-p-v1DBkTrgo-unsplash-scaled.jpg 1707w\" sizes=\"auto, (max-width: 683px) 100vw, 683px\" \/><\/figure>\n<\/div>\n<\/div>\n<\/div>\n\n\n\n<div class=\"wp-block-columns alignwide are-vertically-aligned-top is-layout-flex wp-container-core-columns-is-layout-bd0aba32 wp-block-columns-is-layout-flex\">\n<div class=\"wp-block-column is-vertically-aligned-top is-layout-flow wp-block-column-is-layout-flow\">\n<div class=\"wp-block-group wp-container-content-231d8afb is-vertical is-content-justification-left is-nowrap is-layout-flex wp-container-core-group-is-layout-ee1c9ac2 wp-block-group-is-layout-flex\" style=\"margin-top:0;margin-bottom:0\">\n<figure class=\"wp-block-image size-large wp-container-content-0733e5d0\"><img loading=\"lazy\" decoding=\"async\" width=\"678\" height=\"1024\" src=\"https:\/\/site02.arn1103.uqat.ca\/wp-content\/uploads\/2023\/12\/le-minh-phuong-niH7Z81S44g-unsplash-678x1024.jpg\" alt=\"\" class=\"wp-image-182\" srcset=\"https:\/\/site02.arn1103.uqat.ca\/wp-content\/uploads\/2023\/12\/le-minh-phuong-niH7Z81S44g-unsplash-678x1024.jpg 678w, https:\/\/site02.arn1103.uqat.ca\/wp-content\/uploads\/2023\/12\/le-minh-phuong-niH7Z81S44g-unsplash-199x300.jpg 199w, https:\/\/site02.arn1103.uqat.ca\/wp-content\/uploads\/2023\/12\/le-minh-phuong-niH7Z81S44g-unsplash-768x1160.jpg 768w, https:\/\/site02.arn1103.uqat.ca\/wp-content\/uploads\/2023\/12\/le-minh-phuong-niH7Z81S44g-unsplash-1017x1536.jpg 1017w, https:\/\/site02.arn1103.uqat.ca\/wp-content\/uploads\/2023\/12\/le-minh-phuong-niH7Z81S44g-unsplash-1357x2048.jpg 1357w, https:\/\/site02.arn1103.uqat.ca\/wp-content\/uploads\/2023\/12\/le-minh-phuong-niH7Z81S44g-unsplash-40x60.jpg 40w, https:\/\/site02.arn1103.uqat.ca\/wp-content\/uploads\/2023\/12\/le-minh-phuong-niH7Z81S44g-unsplash-scaled.jpg 1696w\" sizes=\"auto, (max-width: 678px) 100vw, 678px\" \/><\/figure>\n\n\n\n<div class=\"wp-block-group is-vertical is-nowrap is-layout-flex wp-container-core-group-is-layout-ebc71d8e wp-block-group-is-layout-flex\">\n<p class=\"has-medium-font-size\"><strong><strong>Bikram Yoga<\/strong><\/strong><\/p>\n\n\n\n<p class=\"has-small-font-size\">\u00c9galement connu sous le nom de \u00ab\u00a0hot yoga\u00a0\u00bb, il se pratique dans une salle chauff\u00e9e \u00e0 une temp\u00e9rature \u00e9lev\u00e9e. La s\u00e9ance suit toujours la m\u00eame s\u00e9rie de 26 postures.<\/p>\n<\/div>\n<\/div>\n<\/div>\n\n\n\n<div class=\"wp-block-column is-vertically-aligned-top is-layout-flow wp-block-column-is-layout-flow\">\n<div class=\"wp-block-group wp-container-content-231d8afb is-vertical is-layout-flex wp-container-core-group-is-layout-692d0fb7 wp-block-group-is-layout-flex\" style=\"margin-top:0;margin-bottom:0\">\n<div class=\"wp-block-group is-vertical is-nowrap is-layout-flex wp-container-core-group-is-layout-ebc71d8e wp-block-group-is-layout-flex\">\n<div style=\"height:0px\" aria-hidden=\"true\" class=\"wp-block-spacer wp-container-content-f96796aa\"><\/div>\n\n\n\n<p class=\"has-medium-font-size\"><strong><strong>Ashtanga Yoga<\/strong><\/strong><\/p>\n\n\n\n<p class=\"has-small-font-size\">C&rsquo;est un style de yoga dynamique qui suit une s\u00e9quence sp\u00e9cifique de postures, avec un accent sur la respiration synchronis\u00e9e. Il est assez intense et demande une certaine force physique.<\/p>\n<\/div>\n\n\n\n<figure class=\"wp-block-image size-large\" style=\"font-size:14px\"><img loading=\"lazy\" decoding=\"async\" width=\"781\" height=\"1024\" src=\"https:\/\/site02.arn1103.uqat.ca\/wp-content\/uploads\/2023\/12\/david-hofmann-yFG6cl4HnK0-unsplash-781x1024.jpg\" alt=\"\" class=\"wp-image-183\" srcset=\"https:\/\/site02.arn1103.uqat.ca\/wp-content\/uploads\/2023\/12\/david-hofmann-yFG6cl4HnK0-unsplash-781x1024.jpg 781w, https:\/\/site02.arn1103.uqat.ca\/wp-content\/uploads\/2023\/12\/david-hofmann-yFG6cl4HnK0-unsplash-229x300.jpg 229w, https:\/\/site02.arn1103.uqat.ca\/wp-content\/uploads\/2023\/12\/david-hofmann-yFG6cl4HnK0-unsplash-768x1007.jpg 768w, https:\/\/site02.arn1103.uqat.ca\/wp-content\/uploads\/2023\/12\/david-hofmann-yFG6cl4HnK0-unsplash-1171x1536.jpg 1171w, https:\/\/site02.arn1103.uqat.ca\/wp-content\/uploads\/2023\/12\/david-hofmann-yFG6cl4HnK0-unsplash-1562x2048.jpg 1562w, https:\/\/site02.arn1103.uqat.ca\/wp-content\/uploads\/2023\/12\/david-hofmann-yFG6cl4HnK0-unsplash-46x60.jpg 46w, https:\/\/site02.arn1103.uqat.ca\/wp-content\/uploads\/2023\/12\/david-hofmann-yFG6cl4HnK0-unsplash-scaled.jpg 1952w\" sizes=\"auto, (max-width: 781px) 100vw, 781px\" \/><\/figure>\n<\/div>\n<\/div>\n<\/div>\n\n\n<style>.wp-block-kadence-advancedbtn.kb-btns51_b8cba1-6d{gap:var(--global-kb-gap-xs, 0.5rem );justify-content:center;align-items:center;}.kt-btns51_b8cba1-6d .kt-button{font-weight:normal;font-style:normal;}.kt-btns51_b8cba1-6d .kt-btn-wrap-0{margin-right:5px;}.wp-block-kadence-advancedbtn.kt-btns51_b8cba1-6d .kt-btn-wrap-0 .kt-button{color:#555555;border-color:#555555;}.wp-block-kadence-advancedbtn.kt-btns51_b8cba1-6d .kt-btn-wrap-0 .kt-button:hover, .wp-block-kadence-advancedbtn.kt-btns51_b8cba1-6d .kt-btn-wrap-0 .kt-button:focus{color:#ffffff;border-color:#444444;}.wp-block-kadence-advancedbtn.kt-btns51_b8cba1-6d .kt-btn-wrap-0 .kt-button::before{display:none;}.wp-block-kadence-advancedbtn.kt-btns51_b8cba1-6d .kt-btn-wrap-0 .kt-button:hover, .wp-block-kadence-advancedbtn.kt-btns51_b8cba1-6d .kt-btn-wrap-0 .kt-button:focus{background:#444444;}<\/style>\n<div class=\"wp-block-kadence-advancedbtn kb-buttons-wrap kb-btns51_b8cba1-6d\"><style>ul.menu .wp-block-kadence-advancedbtn .kb-btn51_5d181a-84.kb-button{width:initial;}.wp-block-kadence-advancedbtn .kb-btn51_5d181a-84.kb-button{color:#000000;background:#7bdcb5;}<\/style><a class=\"kb-button kt-button button kb-btn51_5d181a-84 kt-btn-size-standard kt-btn-width-type-auto kb-btn-global-fill  kt-btn-has-text-true kt-btn-has-svg-false  wp-block-kadence-singlebtn\" href=\"https:\/\/site02.arn1103.uqat.ca\/index.php\/a-propos\/\"><span class=\"kt-btn-inner-text\">Abonnement <\/span><\/a><\/div>\n\n\n\n<div class=\"wp-block-group alignfull has-background\" style=\"background-color:#00000008;padding-top:var(--wp--preset--spacing--50);padding-right:var(--wp--preset--spacing--40);padding-bottom:var(--wp--preset--spacing--50);padding-left:var(--wp--preset--spacing--40)\"><div class=\"wp-block-group__inner-container is-layout-constrained wp-container-core-group-is-layout-141b4844 wp-block-group-is-layout-constrained\">\n<div class=\"wp-block-group alignwide is-content-justification-space-between is-layout-flex wp-container-core-group-is-layout-0d19cf55 wp-block-group-is-layout-flex\">\n<div class=\"wp-block-group has-background wp-container-content-9cfa9a5a is-content-justification-left\" style=\"background-color:#a5bfaf\"><div class=\"wp-block-group__inner-container is-layout-constrained wp-container-core-group-is-layout-8c890d92 wp-block-group-is-layout-constrained\">\n<p class=\"has-text-align-center\" style=\"font-size:0.9rem;font-style:normal;font-weight:600;letter-spacing:1px;text-transform:uppercase\">RECHERCHE <\/p>\n\n\n<form role=\"search\" method=\"get\" action=\"https:\/\/site02.arn1103.uqat.ca\/\" class=\"wp-block-search__button-outside wp-block-search__icon-button aligncenter wp-block-search\"    ><label class=\"wp-block-search__label screen-reader-text\" for=\"wp-block-search__input-1\" >Search<\/label><div class=\"wp-block-search__inside-wrapper\"  style=\"width: 75%\"><input class=\"wp-block-search__input\" id=\"wp-block-search__input-1\" placeholder=\"\" value=\"\" type=\"search\" name=\"s\" required  style=\"border-width: 1px\"\/><button aria-label=\"Search\" class=\"wp-block-search__button has-icon wp-element-button\" type=\"submit\"  style=\"border-width: 1px\"><svg class=\"search-icon\" viewBox=\"0 0 24 24\" width=\"24\" height=\"24\">\n\t\t\t\t\t<path d=\"M13 5c-3.3 0-6 2.7-6 6 0 1.4.5 2.7 1.3 3.7l-3.8 3.8 1.1 1.1 3.8-3.8c1 .8 2.3 1.3 3.7 1.3 3.3 0 6-2.7 6-6S16.3 5 13 5zm0 10.5c-2.5 0-4.5-2-4.5-4.5s2-4.5 4.5-4.5 4.5 2 4.5 4.5-2 4.5-4.5 4.5z\"><\/path>\n\t\t\t\t<\/svg><\/button><\/div><\/form><\/div><\/div>\n\n\n\n<div class=\"wp-block-group is-content-justification-right is-nowrap is-layout-flex wp-container-core-group-is-layout-b4654d8f wp-block-group-is-layout-flex\">\n<div class=\"wp-block-group is-vertical is-layout-flex wp-container-core-group-is-layout-8cf370e7 wp-block-group-is-layout-flex\">\n<p class=\"has-text-align-left\" style=\"font-size:0.9rem;font-style:normal;font-weight:600;letter-spacing:1px;text-transform:uppercase\">Social<\/p>\n\n\n\n<div class=\"wp-block-group has-small-font-size is-vertical is-content-justification-left is-layout-flex wp-container-core-group-is-layout-d2172249 wp-block-group-is-layout-flex\">\n<p><a href=\"#\">Facebook<\/a><\/p>\n\n\n\n<p><a href=\"#\">Instagram<\/a><\/p>\n\n\n\n<p><a href=\"#\">Twitter<\/a><\/p>\n<\/div>\n<\/div>\n<\/div>\n<\/div>\n\n\n\n<div style=\"height:48px\" aria-hidden=\"true\" class=\"wp-block-spacer\"><\/div>\n\n\n\n<div class=\"wp-block-group alignwide is-content-justification-space-between is-layout-flex wp-container-core-group-is-layout-256aec57 wp-block-group-is-layout-flex\">\n<div class=\"wp-block-group is-layout-flex wp-block-group-is-layout-flex\"><h1 class=\"wp-block-site-title has-small-font-size\"><a href=\"https:\/\/site02.arn1103.uqat.ca\" target=\"_self\" rel=\"home\">OZEN STUDIO<\/a><\/h1><\/div>\n\n\n\n<p class=\"has-small-font-size\"><\/p>\n<\/div>\n<\/div><\/div>\n","protected":false},"excerpt":{"rendered":"<p>D\u00e9couvrez nos cours vari\u00e9s offerts Hatha Yoga Il s&rsquo;agit d&rsquo;une forme de yoga physique qui met l&rsquo;accent sur l&rsquo;alignement des postures et la coordination de la respiration avec les mouvements. &hellip; <\/p>\n","protected":false},"author":1,"featured_media":40,"parent":0,"menu_order":0,"comment_status":"closed","ping_status":"closed","template":"","meta":{"footnotes":""},"class_list":["post-51","page","type-page","status-publish","has-post-thumbnail","hentry"],"_links":{"self":[{"href":"https:\/\/site02.arn1103.uqat.ca\/index.php\/wp-json\/wp\/v2\/pages\/51","targetHints":{"allow":["GET"]}}],"collection":[{"href":"https:\/\/site02.arn1103.uqat.ca\/index.php\/wp-json\/wp\/v2\/pages"}],"about":[{"href":"https:\/\/site02.arn1103.uqat.ca\/index.php\/wp-json\/wp\/v2\/types\/page"}],"author":[{"embeddable":true,"href":"https:\/\/site02.arn1103.uqat.ca\/index.php\/wp-json\/wp\/v2\/users\/1"}],"replies":[{"embeddable":true,"href":"https:\/\/site02.arn1103.uqat.ca\/index.php\/wp-json\/wp\/v2\/comments?post=51"}],"version-history":[{"count":4,"href":"https:\/\/site02.arn1103.uqat.ca\/index.php\/wp-json\/wp\/v2\/pages\/51\/revisions"}],"predecessor-version":[{"id":205,"href":"https:\/\/site02.arn1103.uqat.ca\/index.php\/wp-json\/wp\/v2\/pages\/51\/revisions\/205"}],"wp:featuredmedia":[{"embeddable":true,"href":"https:\/\/site02.arn1103.uqat.ca\/index.php\/wp-json\/wp\/v2\/media\/40"}],"wp:attachment":[{"href":"https:\/\/site02.arn1103.uqat.ca\/index.php\/wp-json\/wp\/v2\/media?parent=51"}],"curies":[{"name":"wp","href":"https:\/\/api.w.org\/{rel}","templated":true}]}}