{"id":49,"date":"2023-12-10T19:12:14","date_gmt":"2023-12-10T19:12:14","guid":{"rendered":"https:\/\/site02.arn1103.uqat.ca\/?page_id=49"},"modified":"2023-12-11T01:26:40","modified_gmt":"2023-12-11T01:26:40","slug":"a-propos","status":"publish","type":"page","link":"https:\/\/site02.arn1103.uqat.ca\/index.php\/a-propos\/","title":{"rendered":"A Propos"},"content":{"rendered":"\n<p class=\"has-text-align-center\">OZEN STUDIO <\/p>\n\n\n\n<p class=\"has-text-align-center\">Bien plus qu&rsquo;un simple studio de yoga. Nous sommes une communaut\u00e9 d\u00e9di\u00e9e \u00e0 l&rsquo;\u00e9panouissement physique, mental et spirituel. Notre mission est d&rsquo;offrir un espace o\u00f9 chacun peut explorer le potentiel illimit\u00e9 du corps et de l&rsquo;esprit \u00e0 travers la pratique du yoga. <\/p>\n\n\n\n<p><\/p>\n\n\n<div class=\"wp-block-image is-style-rounded\">\n<figure class=\"aligncenter size-large is-resized\"><img loading=\"lazy\" decoding=\"async\" width=\"1024\" height=\"683\" src=\"https:\/\/site02.arn1103.uqat.ca\/wp-content\/uploads\/2023\/12\/ginny-rose-stewart-UxkcSzRWM2s-unsplash-1-1024x683.jpg\" alt=\"\" class=\"wp-image-149\" style=\"width:858px;height:auto\" srcset=\"https:\/\/site02.arn1103.uqat.ca\/wp-content\/uploads\/2023\/12\/ginny-rose-stewart-UxkcSzRWM2s-unsplash-1-1024x683.jpg 1024w, https:\/\/site02.arn1103.uqat.ca\/wp-content\/uploads\/2023\/12\/ginny-rose-stewart-UxkcSzRWM2s-unsplash-1-300x200.jpg 300w, https:\/\/site02.arn1103.uqat.ca\/wp-content\/uploads\/2023\/12\/ginny-rose-stewart-UxkcSzRWM2s-unsplash-1-768x512.jpg 768w, https:\/\/site02.arn1103.uqat.ca\/wp-content\/uploads\/2023\/12\/ginny-rose-stewart-UxkcSzRWM2s-unsplash-1-1536x1024.jpg 1536w, https:\/\/site02.arn1103.uqat.ca\/wp-content\/uploads\/2023\/12\/ginny-rose-stewart-UxkcSzRWM2s-unsplash-1-2048x1365.jpg 2048w, https:\/\/site02.arn1103.uqat.ca\/wp-content\/uploads\/2023\/12\/ginny-rose-stewart-UxkcSzRWM2s-unsplash-1-90x60.jpg 90w, https:\/\/site02.arn1103.uqat.ca\/wp-content\/uploads\/2023\/12\/ginny-rose-stewart-UxkcSzRWM2s-unsplash-1-370x247.jpg 370w, https:\/\/site02.arn1103.uqat.ca\/wp-content\/uploads\/2023\/12\/ginny-rose-stewart-UxkcSzRWM2s-unsplash-1-776x517.jpg 776w\" sizes=\"auto, (max-width: 1024px) 100vw, 1024px\" \/><\/figure>\n<\/div>\n\n\n<div class=\"wp-block-cover alignfull is-light\" style=\"min-height:663px;aspect-ratio:unset;\"><span aria-hidden=\"true\" class=\"wp-block-cover__background has-background-dim-100 has-background-dim\" style=\"background-color:#ffffff\"><\/span><div class=\"wp-block-cover__inner-container is-layout-flow wp-block-cover-is-layout-flow\">\n<div class=\"wp-block-media-text alignwide is-stacked-on-mobile is-vertically-aligned-center is-image-fill\" style=\"grid-template-columns:56% auto\"><figure class=\"wp-block-media-text__media\" style=\"background-image:url(https:\/\/site02.arn1103.uqat.ca\/wp-content\/uploads\/2023\/12\/mor-shani-0rTUec07g3Y-unsplash-683x1024.jpg);background-position:53% 55%\"><img loading=\"lazy\" decoding=\"async\" width=\"683\" height=\"1024\" src=\"https:\/\/site02.arn1103.uqat.ca\/wp-content\/uploads\/2023\/12\/mor-shani-0rTUec07g3Y-unsplash-683x1024.jpg\" alt=\"\" class=\"wp-image-152 size-large\" srcset=\"https:\/\/site02.arn1103.uqat.ca\/wp-content\/uploads\/2023\/12\/mor-shani-0rTUec07g3Y-unsplash-683x1024.jpg 683w, https:\/\/site02.arn1103.uqat.ca\/wp-content\/uploads\/2023\/12\/mor-shani-0rTUec07g3Y-unsplash-200x300.jpg 200w, https:\/\/site02.arn1103.uqat.ca\/wp-content\/uploads\/2023\/12\/mor-shani-0rTUec07g3Y-unsplash-768x1152.jpg 768w, https:\/\/site02.arn1103.uqat.ca\/wp-content\/uploads\/2023\/12\/mor-shani-0rTUec07g3Y-unsplash-1024x1536.jpg 1024w, https:\/\/site02.arn1103.uqat.ca\/wp-content\/uploads\/2023\/12\/mor-shani-0rTUec07g3Y-unsplash-1365x2048.jpg 1365w, https:\/\/site02.arn1103.uqat.ca\/wp-content\/uploads\/2023\/12\/mor-shani-0rTUec07g3Y-unsplash-40x60.jpg 40w, https:\/\/site02.arn1103.uqat.ca\/wp-content\/uploads\/2023\/12\/mor-shani-0rTUec07g3Y-unsplash-scaled.jpg 1707w\" sizes=\"auto, (max-width: 683px) 100vw, 683px\" \/><\/figure><div class=\"wp-block-media-text__content\">\n<h2 class=\"wp-block-heading has-text-color\" style=\"color:#000000;font-size:32px\"><strong>Pourquoi nous choisir? <\/strong><\/h2>\n\n\n\n<p class=\"has-text-color\" style=\"color:#000000;font-size:17px\">Notre \u00e9quipe d&rsquo;instructeurs hautement qualifi\u00e9s et exp\u00e9riment\u00e9s est d\u00e9vou\u00e9e \u00e0 guider votre parcours de yoga. Chacun apporte une expertise approfondie dans diff\u00e9rentes disciplines, garantissant une exp\u00e9rience diversifi\u00e9e pour tous les niveaux.<\/p>\n\n\n\n<div class=\"wp-block-buttons is-layout-flex wp-block-buttons-is-layout-flex\">\n<div class=\"wp-block-button is-style-fill\"><a class=\"wp-block-button__link has-black-color has-light-green-cyan-background-color has-text-color has-background has-link-color wp-element-button\" href=\"https:\/\/site02.arn1103.uqat.ca\/index.php\/services\/\" target=\"_blank\" rel=\"noreferrer noopener\"><strong>EN SAVOIR PLUS <\/strong><\/a><\/div>\n<\/div>\n<\/div><\/div>\n<\/div><\/div>\n\n\n\n<div class=\"wp-block-columns alignwide is-layout-flex wp-container-core-columns-is-layout-829b1d53 wp-block-columns-is-layout-flex\" style=\"margin-bottom:0\">\n<div class=\"wp-block-column has-text-color has-background has-link-color wp-elements-ba5d8f0362d4f7fcbd30b0334abc7a02 is-layout-flow wp-block-column-is-layout-flow\" style=\"color:#000000;background-color:#85a479;padding-top:2em;padding-right:2em;padding-bottom:2em;padding-left:2em\">\n<h3 class=\"wp-block-heading has-text-align-center\" id=\"single\" style=\"font-size:40px\">3 mois <\/h3>\n\n\n\n<p class=\"has-normal-font-size\" style=\"line-height:1.5\"><strong>Forfait 10 Cours<\/strong><\/p>\n\n\n\n<hr class=\"wp-block-separator has-text-color has-css-opacity has-background is-style-default\" style=\"background-color:#000000;color:#000000\"\/>\n\n\n\n<ul class=\"has-normal-font-size wp-block-list\">\n<li>10 cours de yoga \u00e0 utiliser dans un d\u00e9lai sp\u00e9cifi\u00e9<\/li>\n\n\n\n<li>Flexibilit\u00e9 pour participer \u00e0 diff\u00e9rents cours et styles<\/li>\n\n\n\n<li>Parfait pour ceux qui ont un horaire fluctuant<\/li>\n<\/ul>\n\n\n\n<div class=\"wp-block-buttons alignfull is-horizontal is-content-justification-center is-layout-flex wp-container-core-buttons-is-layout-499968f5 wp-block-buttons-is-layout-flex\">\n<div class=\"wp-block-button has-custom-width wp-block-button__width-100\"><a class=\"wp-block-button__link has-black-color has-white-background-color has-text-color has-background wp-element-button\" style=\"border-radius:30px\"><strong>100$<\/strong><\/a><\/div>\n<\/div>\n<\/div>\n\n\n\n<div class=\"wp-block-column has-text-color has-background has-link-color wp-elements-8c45053bd1c58c7b2fd957c42f8ea67e is-layout-flow wp-block-column-is-layout-flow\" style=\"color:#000000;background-color:#85a479;padding-top:2em;padding-right:2em;padding-bottom:2em;padding-left:2em\">\n<h2 class=\"wp-block-heading has-text-align-center\" id=\"family\" style=\"font-size:40px\">6 mois <\/h2>\n\n\n\n<p class=\"has-normal-font-size\" style=\"line-height:1.5\"><strong><strong>Abonnement Mensuel <\/strong>flexible<\/strong><\/p>\n\n\n\n<hr class=\"wp-block-separator has-css-opacity is-style-default\"\/>\n\n\n\n<ul class=\"has-normal-font-size wp-block-list\">\n<li>Acc\u00e8s aux cours de yoga ainsi qu&rsquo;\u00e0 des ateliers sp\u00e9ciaux (m\u00e9ditation, nutrition)<\/li>\n\n\n\n<li>Favorise une approche holistique du bien-\u00eatre<\/li>\n\n\n\n<li>Inclus des ressources suppl\u00e9mentaires pour la sant\u00e9 mentale.<\/li>\n<\/ul>\n\n\n\n<div class=\"wp-block-buttons alignfull is-horizontal is-content-justification-space-between is-layout-flex wp-container-core-buttons-is-layout-9262d1ff wp-block-buttons-is-layout-flex\">\n<div class=\"wp-block-button has-custom-width wp-block-button__width-100 is-style-fill\"><a class=\"wp-block-button__link has-black-color has-white-background-color has-text-color has-background has-text-align-center wp-element-button\" style=\"border-radius:30px\"><strong>$200 <\/strong><\/a><\/div>\n<\/div>\n<\/div>\n\n\n\n<div class=\"wp-block-column has-text-color has-background has-link-color wp-elements-562ecc46d82c841d2de77051de8fa3f5 is-layout-flow wp-block-column-is-layout-flow\" style=\"color:#000000;background-color:#85a479;padding-top:2em;padding-right:2em;padding-bottom:2em;padding-left:2em\">\n<h2 class=\"wp-block-heading has-text-align-center\" id=\"patron\" style=\"font-size:40px\">12 mois <\/h2>\n\n\n\n<p class=\"has-normal-font-size\"><strong>Abonnement Annuel Premium<\/strong><\/p>\n\n\n\n<hr class=\"wp-block-separator has-css-opacity is-style-default\"\/>\n\n\n\n<ul class=\"has-normal-font-size wp-block-list\">\n<li>Acc\u00e8s illimit\u00e9 \u00e0 tous les cours de yoga<\/li>\n\n\n\n<li>Avantages suppl\u00e9mentaires tels que des ateliers gratuits.<\/li>\n\n\n\n<li>\u00c9conomies  par rapport \u00e0 un abonnement mensuel<\/li>\n<\/ul>\n\n\n\n<div class=\"wp-block-buttons alignfull is-horizontal is-content-justification-center is-layout-flex wp-container-core-buttons-is-layout-499968f5 wp-block-buttons-is-layout-flex\">\n<div class=\"wp-block-button has-custom-width wp-block-button__width-100\"><a class=\"wp-block-button__link has-black-color has-white-background-color has-text-color has-background wp-element-button\" style=\"border-radius:30px\"><strong>$400 <\/strong><\/a><\/div>\n<\/div>\n<\/div>\n<\/div>\n\n\n\n<div class=\"wp-block-group alignfull has-background has-small-font-size\" style=\"background-color:#00000008;padding-top:var(--wp--preset--spacing--50);padding-right:var(--wp--preset--spacing--40);padding-bottom:var(--wp--preset--spacing--50);padding-left:var(--wp--preset--spacing--40)\"><div class=\"wp-block-group__inner-container is-layout-constrained wp-container-core-group-is-layout-141b4844 wp-block-group-is-layout-constrained\">\n<div class=\"wp-block-group alignwide is-content-justification-space-between is-layout-flex wp-container-core-group-is-layout-0d19cf55 wp-block-group-is-layout-flex\">\n<div class=\"wp-block-group has-background wp-container-content-9cfa9a5a is-content-justification-left\" style=\"background-color:#a5bfaf\"><div class=\"wp-block-group__inner-container is-layout-constrained wp-container-core-group-is-layout-8c890d92 wp-block-group-is-layout-constrained\">\n<p class=\"has-text-align-center\" style=\"font-size:0.9rem;font-style:normal;font-weight:600;letter-spacing:1px;text-transform:uppercase\">RECHERCHE <\/p>\n\n\n<form role=\"search\" method=\"get\" action=\"https:\/\/site02.arn1103.uqat.ca\/\" class=\"wp-block-search__button-outside wp-block-search__icon-button aligncenter wp-block-search\"    ><label class=\"wp-block-search__label screen-reader-text\" for=\"wp-block-search__input-1\" >Search<\/label><div class=\"wp-block-search__inside-wrapper\"  style=\"width: 75%\"><input class=\"wp-block-search__input\" id=\"wp-block-search__input-1\" placeholder=\"\" value=\"\" type=\"search\" name=\"s\" required  style=\"border-width: 1px\"\/><button aria-label=\"Search\" class=\"wp-block-search__button has-icon wp-element-button\" type=\"submit\"  style=\"border-width: 1px\"><svg class=\"search-icon\" viewBox=\"0 0 24 24\" width=\"24\" height=\"24\">\n\t\t\t\t\t<path d=\"M13 5c-3.3 0-6 2.7-6 6 0 1.4.5 2.7 1.3 3.7l-3.8 3.8 1.1 1.1 3.8-3.8c1 .8 2.3 1.3 3.7 1.3 3.3 0 6-2.7 6-6S16.3 5 13 5zm0 10.5c-2.5 0-4.5-2-4.5-4.5s2-4.5 4.5-4.5 4.5 2 4.5 4.5-2 4.5-4.5 4.5z\"><\/path>\n\t\t\t\t<\/svg><\/button><\/div><\/form><\/div><\/div>\n\n\n\n<div class=\"wp-block-group is-vertical is-content-justification-left is-nowrap is-layout-flex wp-container-core-group-is-layout-fa32b7af wp-block-group-is-layout-flex\">\n<div class=\"wp-block-group is-vertical is-layout-flex wp-container-core-group-is-layout-8cf370e7 wp-block-group-is-layout-flex\">\n<p class=\"has-text-align-left\" style=\"font-size:0.9rem;font-style:normal;font-weight:600;letter-spacing:1px;text-transform:uppercase\">Social<\/p>\n\n\n\n<div class=\"wp-block-group has-small-font-size is-vertical is-content-justification-left is-layout-flex wp-container-core-group-is-layout-d2172249 wp-block-group-is-layout-flex\">\n<p><a href=\"#\">Facebook<\/a><\/p>\n\n\n\n<p><a href=\"#\">Instagra<\/a><\/p>\n\n\n\n<p><a href=\"#\">Twitter<\/a><\/p>\n<\/div>\n<\/div>\n<\/div>\n<\/div>\n\n\n\n<div class=\"wp-block-group alignwide is-content-justification-space-between is-layout-flex wp-container-core-group-is-layout-256aec57 wp-block-group-is-layout-flex\">\n<div class=\"wp-block-group is-layout-flex wp-block-group-is-layout-flex\"><h1 class=\"wp-block-site-title has-small-font-size\"><a href=\"https:\/\/site02.arn1103.uqat.ca\" target=\"_self\" rel=\"home\">OZEN STUDIO<\/a><\/h1><\/div>\n\n\n\n<p class=\"has-small-font-size\"><\/p>\n<\/div>\n<\/div><\/div>\n","protected":false},"excerpt":{"rendered":"<p>OZEN STUDIO Bien plus qu&rsquo;un simple studio de yoga. Nous sommes une communaut\u00e9 d\u00e9di\u00e9e \u00e0 l&rsquo;\u00e9panouissement physique, mental et spirituel. Notre mission est d&rsquo;offrir un espace o\u00f9 chacun peut explorer &hellip; <\/p>\n","protected":false},"author":1,"featured_media":131,"parent":0,"menu_order":0,"comment_status":"closed","ping_status":"closed","template":"","meta":{"footnotes":""},"class_list":["post-49","page","type-page","status-publish","has-post-thumbnail","hentry"],"_links":{"self":[{"href":"https:\/\/site02.arn1103.uqat.ca\/index.php\/wp-json\/wp\/v2\/pages\/49","targetHints":{"allow":["GET"]}}],"collection":[{"href":"https:\/\/site02.arn1103.uqat.ca\/index.php\/wp-json\/wp\/v2\/pages"}],"about":[{"href":"https:\/\/site02.arn1103.uqat.ca\/index.php\/wp-json\/wp\/v2\/types\/page"}],"author":[{"embeddable":true,"href":"https:\/\/site02.arn1103.uqat.ca\/index.php\/wp-json\/wp\/v2\/users\/1"}],"replies":[{"embeddable":true,"href":"https:\/\/site02.arn1103.uqat.ca\/index.php\/wp-json\/wp\/v2\/comments?post=49"}],"version-history":[{"count":13,"href":"https:\/\/site02.arn1103.uqat.ca\/index.php\/wp-json\/wp\/v2\/pages\/49\/revisions"}],"predecessor-version":[{"id":167,"href":"https:\/\/site02.arn1103.uqat.ca\/index.php\/wp-json\/wp\/v2\/pages\/49\/revisions\/167"}],"wp:featuredmedia":[{"embeddable":true,"href":"https:\/\/site02.arn1103.uqat.ca\/index.php\/wp-json\/wp\/v2\/media\/131"}],"wp:attachment":[{"href":"https:\/\/site02.arn1103.uqat.ca\/index.php\/wp-json\/wp\/v2\/media?parent=49"}],"curies":[{"name":"wp","href":"https:\/\/api.w.org\/{rel}","templated":true}]}}