{"id":44,"date":"2023-12-10T19:10:27","date_gmt":"2023-12-10T19:10:27","guid":{"rendered":"https:\/\/site02.arn1103.uqat.ca\/?page_id=44"},"modified":"2023-12-11T02:45:40","modified_gmt":"2023-12-11T02:45:40","slug":"accueil","status":"publish","type":"page","link":"https:\/\/site02.arn1103.uqat.ca\/index.php\/accueil\/","title":{"rendered":"Accueil"},"content":{"rendered":"<p style=\"text-align: center;\"><span style=\"color: #000000;\"><b>\u00a0 \u00a0 \u00a0 \u00a0 \u00a0 \u00a0 \u00a0<\/b><\/span><\/p>\n<h4 style=\"text-align: center;\"><b>\u201cLe yoga est la danse de chaque cellule avec la musique de chaque souffle <\/b><\/h4>\n<h4 style=\"text-align: center;\"><b>qui cr\u00e9e des symphonies d&rsquo;harmonie et de paix int\u00e9rieure.\u201d <\/b><\/h4>\n<h4 style=\"text-align: center;\"><b>\u2013 Debby Toovey\u00a0<\/b><\/h4>\n\n<style>.kadence-column44_215dcc-56 > .kt-inside-inner-col{display:flex;}.kadence-column44_215dcc-56 > .kt-inside-inner-col,.kadence-column44_215dcc-56 > .kt-inside-inner-col:before{border-top-left-radius:0px;border-top-right-radius:0px;border-bottom-right-radius:0px;border-bottom-left-radius:0px;}.kadence-column44_215dcc-56 > .kt-inside-inner-col{column-gap:var(--global-kb-gap-sm, 1rem);}.kadence-column44_215dcc-56 > .kt-inside-inner-col{flex-direction:column;justify-content:center;}.kadence-column44_215dcc-56 > .kt-inside-inner-col > .aligncenter{width:100%;}.kt-row-column-wrap > .kadence-column44_215dcc-56{align-self:center;}.kt-inner-column-height-full:not(.kt-has-1-columns) > .wp-block-kadence-column.kadence-column44_215dcc-56{align-self:auto;}.kt-inner-column-height-full:not(.kt-has-1-columns) > .wp-block-kadence-column.kadence-column44_215dcc-56 > .kt-inside-inner-col{flex-direction:column;justify-content:center;}.kadence-column44_215dcc-56 > .kt-inside-inner-col:before{opacity:0.3;}.kadence-column44_215dcc-56{position:relative;}@media all and (max-width: 1024px){.kt-row-column-wrap > .kadence-column44_215dcc-56{align-self:center;}}@media all and (max-width: 1024px){.kt-inner-column-height-full:not(.kt-has-1-columns) > .wp-block-kadence-column.kadence-column44_215dcc-56{align-self:auto;}}@media all and (max-width: 1024px){.kt-inner-column-height-full:not(.kt-has-1-columns) > .wp-block-kadence-column.kadence-column44_215dcc-56 > .kt-inside-inner-col{flex-direction:column;justify-content:center;}}@media all and (max-width: 1024px){.kadence-column44_215dcc-56 > .kt-inside-inner-col{flex-direction:column;justify-content:center;}}@media all and (max-width: 767px){.kt-row-column-wrap > .kadence-column44_215dcc-56{align-self:center;}.kt-inner-column-height-full:not(.kt-has-1-columns) > .wp-block-kadence-column.kadence-column44_215dcc-56{align-self:auto;}.kt-inner-column-height-full:not(.kt-has-1-columns) > .wp-block-kadence-column.kadence-column44_215dcc-56 > .kt-inside-inner-col{flex-direction:column;justify-content:center;}.kadence-column44_215dcc-56 > .kt-inside-inner-col{flex-direction:column;justify-content:center;}}<\/style>\n<div class=\"wp-block-kadence-column kadence-column44_215dcc-56 kb-section-dir-vertical\"><div class=\"kt-inside-inner-col\"><div class=\"wp-block-image is-style-rounded\">\n<figure class=\"aligncenter size-large\"><img loading=\"lazy\" decoding=\"async\" width=\"1024\" height=\"683\" src=\"https:\/\/site02.arn1103.uqat.ca\/wp-content\/uploads\/2023\/12\/carl-barcelo-nqUHQkuVj3c-unsplash-1024x683.jpg\" alt=\"\" class=\"wp-image-102\" srcset=\"https:\/\/site02.arn1103.uqat.ca\/wp-content\/uploads\/2023\/12\/carl-barcelo-nqUHQkuVj3c-unsplash-1024x683.jpg 1024w, https:\/\/site02.arn1103.uqat.ca\/wp-content\/uploads\/2023\/12\/carl-barcelo-nqUHQkuVj3c-unsplash-300x200.jpg 300w, https:\/\/site02.arn1103.uqat.ca\/wp-content\/uploads\/2023\/12\/carl-barcelo-nqUHQkuVj3c-unsplash-768x512.jpg 768w, https:\/\/site02.arn1103.uqat.ca\/wp-content\/uploads\/2023\/12\/carl-barcelo-nqUHQkuVj3c-unsplash-1536x1024.jpg 1536w, https:\/\/site02.arn1103.uqat.ca\/wp-content\/uploads\/2023\/12\/carl-barcelo-nqUHQkuVj3c-unsplash-2048x1365.jpg 2048w, https:\/\/site02.arn1103.uqat.ca\/wp-content\/uploads\/2023\/12\/carl-barcelo-nqUHQkuVj3c-unsplash-90x60.jpg 90w, https:\/\/site02.arn1103.uqat.ca\/wp-content\/uploads\/2023\/12\/carl-barcelo-nqUHQkuVj3c-unsplash-370x247.jpg 370w, https:\/\/site02.arn1103.uqat.ca\/wp-content\/uploads\/2023\/12\/carl-barcelo-nqUHQkuVj3c-unsplash-776x517.jpg 776w\" sizes=\"auto, (max-width: 1024px) 100vw, 1024px\" \/><\/figure>\n<\/div><\/div><\/div>\n\n\n<style>.kb-row-layout-id44_d856bd-32 > .kt-row-column-wrap{align-content:start;}:where(.kb-row-layout-id44_d856bd-32 > .kt-row-column-wrap) > .wp-block-kadence-column{justify-content:start;}.kb-row-layout-id44_d856bd-32 > .kt-row-column-wrap{column-gap:var(--global-kb-gap-md, 2rem);row-gap:var(--global-kb-gap-md, 2rem);padding-top:var(--global-kb-spacing-sm, 1.5rem);padding-bottom:var(--global-kb-spacing-sm, 1.5rem);grid-template-columns:repeat(2, minmax(0, 1fr));}.kb-row-layout-id44_d856bd-32 > .kt-row-layout-overlay{opacity:0.30;}@media all and (max-width: 1024px){.kb-row-layout-id44_d856bd-32 > .kt-row-column-wrap{grid-template-columns:repeat(2, minmax(0, 1fr));}}@media all and (max-width: 767px){.kb-row-layout-id44_d856bd-32 > .kt-row-column-wrap{grid-template-columns:minmax(0, 1fr);}}<\/style><div class=\"kb-row-layout-wrap kb-row-layout-id44_d856bd-32 alignnone wp-block-kadence-rowlayout\"><div class=\"kt-row-column-wrap kt-has-2-columns kt-row-layout-equal kt-tab-layout-inherit kt-mobile-layout-row kt-row-valign-top\">\n<style>.kadence-column44_f79e94-27 > .kt-inside-inner-col,.kadence-column44_f79e94-27 > .kt-inside-inner-col:before{border-top-left-radius:0px;border-top-right-radius:0px;border-bottom-right-radius:0px;border-bottom-left-radius:0px;}.kadence-column44_f79e94-27 > .kt-inside-inner-col{column-gap:var(--global-kb-gap-sm, 1rem);}.kadence-column44_f79e94-27 > .kt-inside-inner-col{flex-direction:column;}.kadence-column44_f79e94-27 > .kt-inside-inner-col > .aligncenter{width:100%;}.kadence-column44_f79e94-27 > .kt-inside-inner-col:before{opacity:0.3;}.kadence-column44_f79e94-27{position:relative;}@media all and (max-width: 1024px){.kadence-column44_f79e94-27 > .kt-inside-inner-col{flex-direction:column;justify-content:center;}}@media all and (max-width: 767px){.kadence-column44_f79e94-27 > .kt-inside-inner-col{flex-direction:column;justify-content:center;}}<\/style>\n<div class=\"wp-block-kadence-column kadence-column44_f79e94-27\"><div class=\"kt-inside-inner-col\">\n<p class=\"has-text-align-center has-background\" style=\"background-color:#7bdbb545\"><strong>YIN YOGA<\/strong><\/p>\n\n\n\n<p class=\"has-text-align-center has-background\" style=\"background-color:#7bdbb545\">Le Yin yoga est un style de yoga \u00e0 rythme lent qui se concentre sur des poses maintenues pendant une longue p\u00e9riode pour cibler les tissus conjonctifs du corps, tels que les ligaments, les tendons et le fascia.<\/p>\n<\/div><\/div>\n\n\n<style>.kadence-column44_6bebc3-62 > .kt-inside-inner-col,.kadence-column44_6bebc3-62 > .kt-inside-inner-col:before{border-top-left-radius:0px;border-top-right-radius:0px;border-bottom-right-radius:0px;border-bottom-left-radius:0px;}.kadence-column44_6bebc3-62 > .kt-inside-inner-col{column-gap:var(--global-kb-gap-sm, 1rem);}.kadence-column44_6bebc3-62 > .kt-inside-inner-col{flex-direction:column;}.kadence-column44_6bebc3-62 > .kt-inside-inner-col > .aligncenter{width:100%;}.kadence-column44_6bebc3-62 > .kt-inside-inner-col:before{opacity:0.3;}.kadence-column44_6bebc3-62{position:relative;}@media all and (max-width: 1024px){.kadence-column44_6bebc3-62 > .kt-inside-inner-col{flex-direction:column;justify-content:center;}}@media all and (max-width: 767px){.kadence-column44_6bebc3-62 > .kt-inside-inner-col{flex-direction:column;justify-content:center;}}<\/style>\n<div class=\"wp-block-kadence-column kadence-column44_6bebc3-62\"><div class=\"kt-inside-inner-col\">\n<p class=\"has-text-align-center has-background\" style=\"background-color:#7bdbb545\"><strong>HATHA YOGA<\/strong><\/p>\n\n\n\n<p class=\"has-text-align-center has-background\" style=\"background-color:#7bdbb545\">Le Hatha Yoga est l&rsquo;une des formes les plus traditionnelles et fondamentales du yoga. Il est souvent d\u00e9crit comme l&rsquo;union des polarit\u00e9s oppos\u00e9es, repr\u00e9sentant la dualit\u00e9 du corps et de l&rsquo;esprit.<\/p>\n<\/div><\/div>\n\n<\/div><\/div>\n\n<style>.wp-block-kadence-advancedbtn.kb-btns44_01c25e-1d{gap:var(--global-kb-gap-xs, 0.5rem );justify-content:center;align-items:center;}.kt-btns44_01c25e-1d .kt-button{font-weight:normal;font-style:normal;}.kt-btns44_01c25e-1d .kt-btn-wrap-0{margin-right:5px;}.wp-block-kadence-advancedbtn.kt-btns44_01c25e-1d .kt-btn-wrap-0 .kt-button{color:#555555;border-color:#555555;}.wp-block-kadence-advancedbtn.kt-btns44_01c25e-1d .kt-btn-wrap-0 .kt-button:hover, .wp-block-kadence-advancedbtn.kt-btns44_01c25e-1d .kt-btn-wrap-0 .kt-button:focus{color:#ffffff;border-color:#444444;}.wp-block-kadence-advancedbtn.kt-btns44_01c25e-1d .kt-btn-wrap-0 .kt-button::before{display:none;}.wp-block-kadence-advancedbtn.kt-btns44_01c25e-1d .kt-btn-wrap-0 .kt-button:hover, .wp-block-kadence-advancedbtn.kt-btns44_01c25e-1d .kt-btn-wrap-0 .kt-button:focus{background:#444444;}<\/style>\n<div class=\"wp-block-kadence-advancedbtn kb-buttons-wrap kb-btns44_01c25e-1d\"><style>ul.menu .wp-block-kadence-advancedbtn .kb-btn44_fde9ed-1c.kb-button{width:initial;}.wp-block-kadence-advancedbtn .kb-btn44_fde9ed-1c.kb-button{color:#000000;background:#7bdcb5;}.wp-block-kadence-advancedbtn .kb-btn44_fde9ed-1c.kb-button:hover, .wp-block-kadence-advancedbtn .kb-btn44_fde9ed-1c.kb-button:focus{background:#7bdcb5;}<\/style><a class=\"kb-button kt-button button kb-btn44_fde9ed-1c kt-btn-size-standard kt-btn-width-type-auto kb-btn-global-fill  kt-btn-has-text-true kt-btn-has-svg-false  wp-block-kadence-singlebtn\" href=\"https:\/\/site02.arn1103.uqat.ca\/index.php\/a-propos\/\"><span class=\"kt-btn-inner-text\">QUI SOMMES NOUS?<\/span><\/a><\/div>\n\n\n\n<div class=\"wp-block-query is-layout-flow wp-block-query-is-layout-flow\"><ul class=\"wp-block-post-template is-layout-flow wp-block-post-template-is-layout-flow\"><li class=\"wp-block-post post-17 post type-post status-publish format-standard has-post-thumbnail hentry category-articles\">\n\n<div class=\"wp-block-columns is-layout-flex wp-container-core-columns-is-layout-9d6595d7 wp-block-columns-is-layout-flex\">\n<div class=\"wp-block-column is-vertically-aligned-center is-layout-flow wp-block-column-is-layout-flow\" style=\"flex-basis:25%\">\n<figure class=\"wp-block-image size-full is-resized is-style-rounded\"><img loading=\"lazy\" decoding=\"async\" width=\"564\" height=\"564\" src=\"https:\/\/site02.arn1103.uqat.ca\/wp-content\/uploads\/2023\/11\/1117aef538c6bf34a3db87e6e9142caa.jpg\" alt=\"\" class=\"wp-image-9\" style=\"width:208px;height:auto\" srcset=\"https:\/\/site02.arn1103.uqat.ca\/wp-content\/uploads\/2023\/11\/1117aef538c6bf34a3db87e6e9142caa.jpg 564w, https:\/\/site02.arn1103.uqat.ca\/wp-content\/uploads\/2023\/11\/1117aef538c6bf34a3db87e6e9142caa-300x300.jpg 300w, https:\/\/site02.arn1103.uqat.ca\/wp-content\/uploads\/2023\/11\/1117aef538c6bf34a3db87e6e9142caa-150x150.jpg 150w\" sizes=\"auto, (max-width: 564px) 100vw, 564px\" \/><\/figure>\n<\/div>\n\n\n\n<div class=\"wp-block-column is-vertically-aligned-center is-layout-flow wp-block-column-is-layout-flow\" style=\"flex-basis:75%\"><h2 class=\"wp-block-post-title\"><a href=\"https:\/\/site02.arn1103.uqat.ca\/index.php\/2023\/12\/04\/cultiver-la-meditation\/\" target=\"_self\" >Cultiver la m\u00e9ditation&#8230;<\/a><\/h2><\/div>\n<\/div>\n\n\n<style>.wp-block-kadence-advancedbtn.kb-btns44_b9363d-4a{gap:var(--global-kb-gap-xs, 0.5rem );justify-content:center;align-items:center;}.kt-btns44_b9363d-4a .kt-button{font-weight:normal;font-style:normal;}.kt-btns44_b9363d-4a .kt-btn-wrap-0{margin-right:5px;}.wp-block-kadence-advancedbtn.kt-btns44_b9363d-4a .kt-btn-wrap-0 .kt-button{color:#555555;border-color:#555555;}.wp-block-kadence-advancedbtn.kt-btns44_b9363d-4a .kt-btn-wrap-0 .kt-button:hover, .wp-block-kadence-advancedbtn.kt-btns44_b9363d-4a .kt-btn-wrap-0 .kt-button:focus{color:#ffffff;border-color:#444444;}.wp-block-kadence-advancedbtn.kt-btns44_b9363d-4a .kt-btn-wrap-0 .kt-button::before{display:none;}.wp-block-kadence-advancedbtn.kt-btns44_b9363d-4a .kt-btn-wrap-0 .kt-button:hover, .wp-block-kadence-advancedbtn.kt-btns44_b9363d-4a .kt-btn-wrap-0 .kt-button:focus{background:#444444;}<\/style>\n<div class=\"wp-block-kadence-advancedbtn kb-buttons-wrap kb-btns44_b9363d-4a\"><style>ul.menu .wp-block-kadence-advancedbtn .kb-btn44_b51c28-2a.kb-button{width:initial;}.wp-block-kadence-advancedbtn .kb-btn44_b51c28-2a.kb-button{color:#000000;background:#7bdcb5;}.wp-block-kadence-advancedbtn .kb-btn44_b51c28-2a.kb-button:hover, .wp-block-kadence-advancedbtn .kb-btn44_b51c28-2a.kb-button:focus{background:#7bdcb5;}<\/style><a class=\"kb-button kt-button button kb-btn44_b51c28-2a kt-btn-size-standard kt-btn-width-type-auto kb-btn-global-fill  kt-btn-has-text-true kt-btn-has-svg-false  wp-block-kadence-singlebtn\" href=\"https:\/\/site02.arn1103.uqat.ca\/index.php\/2023\/12\/04\/cultiver-la-meditation\/\"><span class=\"kt-btn-inner-text\">LIRE NOS ARTICLES <\/span><\/a><\/div>\n\n<\/li><\/ul><\/div>\n\n\n\n<div class=\"wp-block-group alignfull has-background\" style=\"background-color:#00000008;padding-top:var(--wp--preset--spacing--50);padding-right:var(--wp--preset--spacing--40);padding-bottom:var(--wp--preset--spacing--50);padding-left:var(--wp--preset--spacing--40)\"><div class=\"wp-block-group__inner-container is-layout-constrained wp-container-core-group-is-layout-141b4844 wp-block-group-is-layout-constrained\">\n<div class=\"wp-block-group alignwide is-content-justification-space-between is-layout-flex wp-container-core-group-is-layout-0d19cf55 wp-block-group-is-layout-flex\">\n<div class=\"wp-block-group has-background wp-container-content-9cfa9a5a is-content-justification-left\" style=\"background-color:#a5bfaf\"><div class=\"wp-block-group__inner-container is-layout-constrained wp-container-core-group-is-layout-8c890d92 wp-block-group-is-layout-constrained\">\n<p class=\"has-text-align-center\" style=\"font-size:0.9rem;font-style:normal;font-weight:600;letter-spacing:1px;text-transform:uppercase\">RECHERCHE <\/p>\n\n\n<form role=\"search\" method=\"get\" action=\"https:\/\/site02.arn1103.uqat.ca\/\" class=\"wp-block-search__button-outside wp-block-search__icon-button aligncenter wp-block-search\"    ><label class=\"wp-block-search__label screen-reader-text\" for=\"wp-block-search__input-1\" >Search<\/label><div class=\"wp-block-search__inside-wrapper\"  style=\"width: 75%\"><input class=\"wp-block-search__input\" id=\"wp-block-search__input-1\" placeholder=\"\" value=\"\" type=\"search\" name=\"s\" required  style=\"border-width: 1px\"\/><button aria-label=\"Search\" class=\"wp-block-search__button has-icon wp-element-button\" type=\"submit\"  style=\"border-width: 1px\"><svg class=\"search-icon\" viewBox=\"0 0 24 24\" width=\"24\" height=\"24\">\n\t\t\t\t\t<path d=\"M13 5c-3.3 0-6 2.7-6 6 0 1.4.5 2.7 1.3 3.7l-3.8 3.8 1.1 1.1 3.8-3.8c1 .8 2.3 1.3 3.7 1.3 3.3 0 6-2.7 6-6S16.3 5 13 5zm0 10.5c-2.5 0-4.5-2-4.5-4.5s2-4.5 4.5-4.5 4.5 2 4.5 4.5-2 4.5-4.5 4.5z\"><\/path>\n\t\t\t\t<\/svg><\/button><\/div><\/form><\/div><\/div>\n\n\n\n<div class=\"wp-block-group is-content-justification-right is-nowrap is-layout-flex wp-container-core-group-is-layout-b4654d8f wp-block-group-is-layout-flex\">\n<div class=\"wp-block-group is-vertical is-layout-flex wp-container-core-group-is-layout-8cf370e7 wp-block-group-is-layout-flex\">\n<p class=\"has-text-align-left\" style=\"font-size:0.9rem;font-style:normal;font-weight:600;letter-spacing:1px;text-transform:uppercase\">Social<\/p>\n\n\n\n<div class=\"wp-block-group has-small-font-size is-vertical is-content-justification-left is-layout-flex wp-container-core-group-is-layout-d2172249 wp-block-group-is-layout-flex\">\n<p><a href=\"#\">Facebook<\/a><\/p>\n\n\n\n<p><a href=\"#\">Instagram<\/a><\/p>\n\n\n\n<p><a href=\"#\">Twitter<\/a><\/p>\n<\/div>\n<\/div>\n<\/div>\n<\/div>\n\n\n\n<div style=\"height:48px\" aria-hidden=\"true\" class=\"wp-block-spacer\"><\/div>\n\n\n\n<div class=\"wp-block-group alignwide is-content-justification-space-between is-layout-flex wp-container-core-group-is-layout-256aec57 wp-block-group-is-layout-flex\">\n<div class=\"wp-block-group is-layout-flex wp-block-group-is-layout-flex\"><h1 class=\"wp-block-site-title has-small-font-size\"><a href=\"https:\/\/site02.arn1103.uqat.ca\" target=\"_self\" rel=\"home\">OZEN STUDIO<\/a><\/h1><\/div>\n\n\n\n<p class=\"has-small-font-size\"><\/p>\n<\/div>\n<\/div><\/div>\n\n\n<style>.wp-block-kadence-advancedbtn.kb-btns44_f26c47-8c{gap:var(--global-kb-gap-xs, 0.5rem );justify-content:center;align-items:center;}.kt-btns44_f26c47-8c .kt-button{font-weight:normal;font-style:normal;}.kt-btns44_f26c47-8c .kt-btn-wrap-0{margin-right:5px;}.wp-block-kadence-advancedbtn.kt-btns44_f26c47-8c .kt-btn-wrap-0 .kt-button{color:#555555;border-color:#555555;}.wp-block-kadence-advancedbtn.kt-btns44_f26c47-8c .kt-btn-wrap-0 .kt-button:hover, .wp-block-kadence-advancedbtn.kt-btns44_f26c47-8c .kt-btn-wrap-0 .kt-button:focus{color:#ffffff;border-color:#444444;}.wp-block-kadence-advancedbtn.kt-btns44_f26c47-8c .kt-btn-wrap-0 .kt-button::before{display:none;}.wp-block-kadence-advancedbtn.kt-btns44_f26c47-8c .kt-btn-wrap-0 .kt-button:hover, .wp-block-kadence-advancedbtn.kt-btns44_f26c47-8c .kt-btn-wrap-0 .kt-button:focus{background:#444444;}<\/style>\n<div class=\"wp-block-kadence-advancedbtn kb-buttons-wrap kb-btns44_f26c47-8c\"><style>ul.menu .wp-block-kadence-advancedbtn .kb-btn44_b23be0-79.kb-button{width:initial;}<\/style><span class=\"kb-button kt-button button kb-btn44_b23be0-79 kt-btn-size-standard kt-btn-width-type-auto kb-btn-global-fill  kt-btn-has-text-false kt-btn-has-svg-false  wp-block-kadence-singlebtn\"><\/span><\/div>\n","protected":false},"excerpt":{"rendered":"<p>\u00a0 \u00a0 \u00a0 \u00a0 \u00a0 \u00a0 \u00a0 \u201cLe yoga est la danse de chaque cellule avec la musique de chaque souffle qui cr\u00e9e des symphonies d&rsquo;harmonie et de paix int\u00e9rieure.\u201d &hellip; <\/p>\n","protected":false},"author":1,"featured_media":131,"parent":0,"menu_order":0,"comment_status":"closed","ping_status":"closed","template":"","meta":{"footnotes":""},"class_list":["post-44","page","type-page","status-publish","has-post-thumbnail","hentry"],"_links":{"self":[{"href":"https:\/\/site02.arn1103.uqat.ca\/index.php\/wp-json\/wp\/v2\/pages\/44","targetHints":{"allow":["GET"]}}],"collection":[{"href":"https:\/\/site02.arn1103.uqat.ca\/index.php\/wp-json\/wp\/v2\/pages"}],"about":[{"href":"https:\/\/site02.arn1103.uqat.ca\/index.php\/wp-json\/wp\/v2\/types\/page"}],"author":[{"embeddable":true,"href":"https:\/\/site02.arn1103.uqat.ca\/index.php\/wp-json\/wp\/v2\/users\/1"}],"replies":[{"embeddable":true,"href":"https:\/\/site02.arn1103.uqat.ca\/index.php\/wp-json\/wp\/v2\/comments?post=44"}],"version-history":[{"count":28,"href":"https:\/\/site02.arn1103.uqat.ca\/index.php\/wp-json\/wp\/v2\/pages\/44\/revisions"}],"predecessor-version":[{"id":203,"href":"https:\/\/site02.arn1103.uqat.ca\/index.php\/wp-json\/wp\/v2\/pages\/44\/revisions\/203"}],"wp:featuredmedia":[{"embeddable":true,"href":"https:\/\/site02.arn1103.uqat.ca\/index.php\/wp-json\/wp\/v2\/media\/131"}],"wp:attachment":[{"href":"https:\/\/site02.arn1103.uqat.ca\/index.php\/wp-json\/wp\/v2\/media?parent=44"}],"curies":[{"name":"wp","href":"https:\/\/api.w.org\/{rel}","templated":true}]}}